{"id":2003,"date":"2013-01-07T23:18:36","date_gmt":"2013-01-07T23:18:36","guid":{"rendered":"http:\/\/www.proyectoallen.com.ar\/3\/?page_id=2003"},"modified":"2013-09-22T00:51:57","modified_gmt":"2013-09-22T00:51:57","slug":"linea-de-tiempo","status":"publish","type":"page","link":"https:\/\/www.proyectoallen.com.ar\/3\/?page_id=2003","title":{"rendered":"Linea de Tiempo"},"content":{"rendered":"<p>Clickea sobre cada evento y tendr\u00e1s mas info.<\/p>\n<p>Esta l\u00ednea de tiempo se encuentra en construcci\u00f3n. Te invitamos a colaborar con eventos que consideres de importancia para la ciudad enviando tu sugerencia <a href=\"http:\/\/www.proyectoallen.com.ar\/3\/?page_id=1061\">AQUI<\/a><\/p>\n<p>&nbsp;<\/p>\n<p><object width=\"783\" height=\"504\" classid=\"clsid:d27cdb6e-ae6d-11cf-96b8-444553540000\" codebase=\"http:\/\/download.macromedia.com\/pub\/shockwave\/cabs\/flash\/swflash.cab#version=6,0,40,0\"><param name=\"passedTimelines\" value=\"466029\" \/><param name=\"allowScriptAccess\" value=\"always\" \/><param name=\"src\" value=\"http:\/\/www.timetoast.com\/flash\/TimelineViewer.swf?passedTimelines=466029\" \/><param name=\"passedtimelines\" value=\"466029\" \/><param name=\"allowscriptaccess\" value=\"always\" \/><\/object><\/p>\n","protected":false},"excerpt":{"rendered":"<p>Clickea sobre cada evento y tendr\u00e1s mas info. Esta l\u00ednea de tiempo se encuentra en construcci\u00f3n. Te invitamos a colaborar con eventos que consideres de importancia para la ciudad enviando tu sugerencia AQUI &nbsp;<\/p>\n","protected":false},"author":1,"featured_media":0,"parent":0,"menu_order":0,"comment_status":"open","ping_status":"open","template":"","meta":{"ngg_post_thumbnail":0,"footnotes":""},"class_list":["post-2003","page","type-page","status-publish","hentry"],"_links":{"self":[{"href":"https:\/\/www.proyectoallen.com.ar\/3\/index.php?rest_route=\/wp\/v2\/pages\/2003","targetHints":{"allow":["GET"]}}],"collection":[{"href":"https:\/\/www.proyectoallen.com.ar\/3\/index.php?rest_route=\/wp\/v2\/pages"}],"about":[{"href":"https:\/\/www.proyectoallen.com.ar\/3\/index.php?rest_route=\/wp\/v2\/types\/page"}],"author":[{"embeddable":true,"href":"https:\/\/www.proyectoallen.com.ar\/3\/index.php?rest_route=\/wp\/v2\/users\/1"}],"replies":[{"embeddable":true,"href":"https:\/\/www.proyectoallen.com.ar\/3\/index.php?rest_route=%2Fwp%2Fv2%2Fcomments&post=2003"}],"version-history":[{"count":10,"href":"https:\/\/www.proyectoallen.com.ar\/3\/index.php?rest_route=\/wp\/v2\/pages\/2003\/revisions"}],"predecessor-version":[{"id":4944,"href":"https:\/\/www.proyectoallen.com.ar\/3\/index.php?rest_route=\/wp\/v2\/pages\/2003\/revisions\/4944"}],"wp:attachment":[{"href":"https:\/\/www.proyectoallen.com.ar\/3\/index.php?rest_route=%2Fwp%2Fv2%2Fmedia&parent=2003"}],"curies":[{"name":"wp","href":"https:\/\/api.w.org\/{rel}","templated":true}]}}